{"id":893,"date":"2025-03-26T14:15:44","date_gmt":"2025-03-26T14:15:44","guid":{"rendered":"https:\/\/uniteddrive.ro\/?page_id=893"},"modified":"2026-03-02T10:53:14","modified_gmt":"2026-03-02T10:53:14","slug":"contact","status":"publish","type":"page","link":"https:\/\/uniteddrive.ro\/en\/contact\/","title":{"rendered":"Contact"},"content":{"rendered":"<div data-elementor-type=\"wp-page\" data-elementor-id=\"893\" class=\"elementor elementor-893\" data-elementor-post-type=\"page\">\n\t\t\t\t<div class=\"elementor-element elementor-element-f5f47dd e-flex e-con-boxed e-con e-parent\" data-id=\"f5f47dd\" data-element_type=\"container\" data-e-type=\"container\" data-settings=\"{&quot;background_background&quot;:&quot;classic&quot;}\">\n\t\t\t\t\t<div class=\"e-con-inner\">\n\t\t<div class=\"elementor-element elementor-element-d56e2d1 e-con-full e-flex e-con e-child\" data-id=\"d56e2d1\" data-element_type=\"container\" data-e-type=\"container\">\n\t\t\t\t<div class=\"elementor-element elementor-element-493f3ea elementor-widget elementor-widget-heading\" data-id=\"493f3ea\" data-element_type=\"widget\" data-e-type=\"widget\" data-widget_type=\"heading.default\">\n\t\t\t\t<div class=\"elementor-widget-container\">\n\t\t\t\t\t<h2 class=\"elementor-heading-title elementor-size-default\">Contact<\/h2>\t\t\t\t<\/div>\n\t\t\t\t<\/div>\n\t\t\t\t<div class=\"elementor-element elementor-element-fa94c25 elementor-icon-list--layout-traditional elementor-list-item-link-full_width elementor-widget elementor-widget-icon-list\" data-id=\"fa94c25\" data-element_type=\"widget\" data-e-type=\"widget\" data-widget_type=\"icon-list.default\">\n\t\t\t\t<div class=\"elementor-widget-container\">\n\t\t\t\t\t\t\t<ul class=\"elementor-icon-list-items\">\n\t\t\t\t\t\t\t<li class=\"elementor-icon-list-item\">\n\t\t\t\t\t\t\t\t\t\t\t<a href=\"mailto:contact@uniteddrive.ro\">\n\n\t\t\t\t\t\t\t\t\t\t\t\t<span class=\"elementor-icon-list-icon\">\n\t\t\t\t\t\t\t<i aria-hidden=\"true\" class=\"far fa-envelope\"><\/i>\t\t\t\t\t\t<\/span>\n\t\t\t\t\t\t\t\t\t\t<span class=\"elementor-icon-list-text\">contact@uniteddrive.ro<\/span>\n\t\t\t\t\t\t\t\t\t\t\t<\/a>\n\t\t\t\t\t\t\t\t\t<\/li>\n\t\t\t\t\t\t\t\t<li class=\"elementor-icon-list-item\">\n\t\t\t\t\t\t\t\t\t\t\t<a href=\"https:\/\/wa.me\/40731322881\">\n\n\t\t\t\t\t\t\t\t\t\t\t\t<span class=\"elementor-icon-list-icon\">\n\t\t\t\t\t\t\t<i aria-hidden=\"true\" class=\"fab fa-whatsapp\"><\/i>\t\t\t\t\t\t<\/span>\n\t\t\t\t\t\t\t\t\t\t<span class=\"elementor-icon-list-text\">+40 731 322 881<\/span>\n\t\t\t\t\t\t\t\t\t\t\t<\/a>\n\t\t\t\t\t\t\t\t\t<\/li>\n\t\t\t\t\t\t\t\t<li class=\"elementor-icon-list-item\">\n\t\t\t\t\t\t\t\t\t\t\t<a href=\"https:\/\/wa.me\/40727040525\">\n\n\t\t\t\t\t\t\t\t\t\t\t\t<span class=\"elementor-icon-list-icon\">\n\t\t\t\t\t\t\t<i aria-hidden=\"true\" class=\"fab fa-whatsapp\"><\/i>\t\t\t\t\t\t<\/span>\n\t\t\t\t\t\t\t\t\t\t<span class=\"elementor-icon-list-text\">+40 727 040 525<\/span>\n\t\t\t\t\t\t\t\t\t\t\t<\/a>\n\t\t\t\t\t\t\t\t\t<\/li>\n\t\t\t\t\t\t\t\t<li class=\"elementor-icon-list-item\">\n\t\t\t\t\t\t\t\t\t\t\t<span class=\"elementor-icon-list-icon\">\n\t\t\t\t\t\t\t<i aria-hidden=\"true\" class=\"fas fa-map-marker-alt\"><\/i>\t\t\t\t\t\t<\/span>\n\t\t\t\t\t\t\t\t\t\t<span class=\"elementor-icon-list-text\">Bucharest - Nord 7, Voluntari, Ilfov<\/span>\n\t\t\t\t\t\t\t\t\t<\/li>\n\t\t\t\t\t\t\t\t<li class=\"elementor-icon-list-item\">\n\t\t\t\t\t\t\t\t\t\t\t<span class=\"elementor-icon-list-icon\">\n\t\t\t\t\t\t\t<i aria-hidden=\"true\" class=\"far fa-clock\"><\/i>\t\t\t\t\t\t<\/span>\n\t\t\t\t\t\t\t\t\t\t<span class=\"elementor-icon-list-text\">Monday-Friday: 10-19, Saturday: 10-14<\/span>\n\t\t\t\t\t\t\t\t\t<\/li>\n\t\t\t\t\t\t<\/ul>\n\t\t\t\t\t\t<\/div>\n\t\t\t\t<\/div>\n\t\t\t\t<div class=\"elementor-element elementor-element-e7d2b2b elementor-widget elementor-widget-button\" data-id=\"e7d2b2b\" data-element_type=\"widget\" data-e-type=\"widget\" data-widget_type=\"button.default\">\n\t\t\t\t<div class=\"elementor-widget-container\">\n\t\t\t\t\t\t\t\t\t<div class=\"elementor-button-wrapper\">\n\t\t\t\t\t<a class=\"elementor-button elementor-button-link elementor-size-sm\" href=\"https:\/\/g.page\/r\/CS2zAYEI5XrUEBE\" target=\"_blank\">\n\t\t\t\t\t\t<span class=\"elementor-button-content-wrapper\">\n\t\t\t\t\t\t\t\t\t<span class=\"elementor-button-text\">View on Google Maps<\/span>\n\t\t\t\t\t<\/span>\n\t\t\t\t\t<\/a>\n\t\t\t\t<\/div>\n\t\t\t\t\t\t\t\t<\/div>\n\t\t\t\t<\/div>\n\t\t\t\t<div class=\"elementor-element elementor-element-ebe5804 elementor-button-align-stretch elementor-widget elementor-widget-form\" data-id=\"ebe5804\" data-element_type=\"widget\" data-e-type=\"widget\" data-settings=\"{&quot;button_width&quot;:&quot;40&quot;,&quot;step_next_label&quot;:&quot;Next&quot;,&quot;step_previous_label&quot;:&quot;Previous&quot;,&quot;step_type&quot;:&quot;number_text&quot;,&quot;step_icon_shape&quot;:&quot;circle&quot;}\" data-widget_type=\"form.default\">\n\t\t\t\t<div class=\"elementor-widget-container\">\n\t\t\t\t\t\t\t<form class=\"elementor-form\" method=\"post\" name=\"New Form\" novalidate=\"\" action=\"\">\n\t\t\t<input type=\"hidden\" name=\"post_id\" value=\"893\"\/>\n\t\t\t<input type=\"hidden\" name=\"form_id\" value=\"ebe5804\"\/>\n\t\t\t<input type=\"hidden\" name=\"referer_title\" value=\"United Drive\" \/>\n\n\t\t\t\n\t\t\t<div class=\"elementor-form-fields-wrapper elementor-labels-above\">\n\t\t\t\t\t\t\t\t<div class=\"elementor-field-type-text elementor-field-group elementor-column elementor-field-group-nume elementor-col-100 elementor-field-required\">\n\t\t\t\t\t\t\t\t\t\t\t\t<label for=\"form-field-nume\" class=\"elementor-field-label\">\n\t\t\t\t\t\t\t\tName\t\t\t\t\t\t\t<\/label>\n\t\t\t\t\t\t\t\t\t\t\t\t\t\t<input size=\"1\" type=\"text\" name=\"form_fields[nume]\" id=\"form-field-nume\" class=\"elementor-field elementor-size-sm  elementor-field-textual\" required=\"required\">\n\t\t\t\t\t\t\t\t\t\t\t<\/div>\n\t\t\t\t\t\t\t\t<div class=\"elementor-field-type-tel elementor-field-group elementor-column elementor-field-group-telefon elementor-col-100 elementor-field-required\">\n\t\t\t\t\t\t\t\t\t\t\t\t<label for=\"form-field-telefon\" class=\"elementor-field-label\">\n\t\t\t\t\t\t\t\tPhone\t\t\t\t\t\t\t<\/label>\n\t\t\t\t\t\t\t\t<input size=\"1\" type=\"tel\" name=\"form_fields[telefon]\" id=\"form-field-telefon\" class=\"elementor-field elementor-size-sm  elementor-field-textual\" required=\"required\" pattern=\"[0-9()#&amp;+*-=.]+\" title=\"Only numbers and phone characters (#, -, *, etc) are accepted.\">\n\n\t\t\t\t\t\t<\/div>\n\t\t\t\t\t\t\t\t<div class=\"elementor-field-type-email elementor-field-group elementor-column elementor-field-group-email elementor-col-100 elementor-field-required\">\n\t\t\t\t\t\t\t\t\t\t\t\t<label for=\"form-field-email\" class=\"elementor-field-label\">\n\t\t\t\t\t\t\t\tEmail\t\t\t\t\t\t\t<\/label>\n\t\t\t\t\t\t\t\t\t\t\t\t\t\t<input size=\"1\" type=\"email\" name=\"form_fields[email]\" id=\"form-field-email\" class=\"elementor-field elementor-size-sm  elementor-field-textual\" required=\"required\">\n\t\t\t\t\t\t\t\t\t\t\t<\/div>\n\t\t\t\t\t\t\t\t<div class=\"elementor-field-type-textarea elementor-field-group elementor-column elementor-field-group-mesaj elementor-col-100 elementor-field-required\">\n\t\t\t\t\t\t\t\t\t\t\t\t<label for=\"form-field-mesaj\" class=\"elementor-field-label\">\n\t\t\t\t\t\t\t\tMessage\t\t\t\t\t\t\t<\/label>\n\t\t\t\t\t\t<textarea class=\"elementor-field-textual elementor-field  elementor-size-sm\" name=\"form_fields[mesaj]\" id=\"form-field-mesaj\" rows=\"4\" required=\"required\"><\/textarea>\t\t\t\t<\/div>\n\t\t\t\t\t\t\t\t<div class=\"elementor-field-type-recaptcha_v3 elementor-field-group elementor-column elementor-field-group-field_4dbd5e1 elementor-col-100 recaptcha_v3-bottomright\">\n\t\t\t\t\t<div class=\"elementor-field\" id=\"form-field-field_4dbd5e1\"><div class=\"elementor-g-recaptcha\" data-sitekey=\"6LdkwAssAAAAACFWMYad9FUz0mqs9JTc694UI9gO\" data-type=\"v3\" data-action=\"Form\" data-badge=\"bottomright\" data-size=\"invisible\"><\/div><\/div>\t\t\t\t<\/div>\n\t\t\t\t\t\t\t\t<div class=\"elementor-field-group elementor-column elementor-field-type-submit elementor-col-40 e-form__buttons\">\n\t\t\t\t\t<button class=\"elementor-button elementor-size-sm\" type=\"submit\">\n\t\t\t\t\t\t<span class=\"elementor-button-content-wrapper\">\n\t\t\t\t\t\t\t\t\t\t\t\t\t\t\t\t\t\t\t\t\t\t<span class=\"elementor-button-text\">SEND<\/span>\n\t\t\t\t\t\t\t\t\t\t\t\t\t<\/span>\n\t\t\t\t\t<\/button>\n\t\t\t\t<\/div>\n\t\t\t<\/div>\n\t\t<input type=\"hidden\" name=\"trp-form-language\" value=\"en\"\/><\/form>\n\t\t\t\t\t\t<\/div>\n\t\t\t\t<\/div>\n\t\t\t\t<\/div>\n\t\t<div class=\"elementor-element elementor-element-29227e1 e-con-full e-flex e-con e-child\" data-id=\"29227e1\" data-element_type=\"container\" data-e-type=\"container\">\n\t\t\t\t<div class=\"elementor-element elementor-element-2f6d548 e-transform animated-fast elementor-invisible elementor-widget elementor-widget-image\" data-id=\"2f6d548\" data-element_type=\"widget\" data-e-type=\"widget\" data-settings=\"{&quot;_transform_rotateZ_effect_mobile&quot;:{&quot;unit&quot;:&quot;deg&quot;,&quot;size&quot;:-90,&quot;sizes&quot;:[]},&quot;_animation&quot;:&quot;fadeInDown&quot;,&quot;_animation_mobile&quot;:&quot;fadeInLeft&quot;,&quot;_transform_rotateZ_effect&quot;:{&quot;unit&quot;:&quot;px&quot;,&quot;size&quot;:&quot;&quot;,&quot;sizes&quot;:[]},&quot;_transform_rotateZ_effect_tablet&quot;:{&quot;unit&quot;:&quot;deg&quot;,&quot;size&quot;:&quot;&quot;,&quot;sizes&quot;:[]}}\" data-widget_type=\"image.default\">\n\t\t\t\t<div class=\"elementor-widget-container\">\n\t\t\t\t\t\t\t\t\t\t\t\t\t\t\t<img fetchpriority=\"high\" decoding=\"async\" width=\"576\" height=\"1024\" src=\"https:\/\/uniteddrive.ro\/wp-content\/uploads\/2025\/03\/United-Drive-Porsche-576x1024.png\" class=\"attachment-large size-large wp-image-896\" alt=\"\" srcset=\"https:\/\/uniteddrive.ro\/wp-content\/uploads\/2025\/03\/United-Drive-Porsche-576x1024.png 576w, https:\/\/uniteddrive.ro\/wp-content\/uploads\/2025\/03\/United-Drive-Porsche-169x300.png 169w, https:\/\/uniteddrive.ro\/wp-content\/uploads\/2025\/03\/United-Drive-Porsche.png 601w\" sizes=\"(max-width: 576px) 100vw, 576px\" \/>\t\t\t\t\t\t\t\t\t\t\t\t\t\t\t<\/div>\n\t\t\t\t<\/div>\n\t\t\t\t<\/div>\n\t\t\t\t\t<\/div>\n\t\t\t\t<\/div>\n\t\t<div class=\"elementor-element elementor-element-0fb85d9 e-con-full e-flex e-con e-parent\" data-id=\"0fb85d9\" data-element_type=\"container\" data-e-type=\"container\">\n\t\t\t\t<div class=\"elementor-element elementor-element-214b7ac elementor-widget elementor-widget-google_maps\" data-id=\"214b7ac\" data-element_type=\"widget\" data-e-type=\"widget\" data-widget_type=\"google_maps.default\">\n\t\t\t\t<div class=\"elementor-widget-container\">\n\t\t\t\t\t\t\t<div class=\"elementor-custom-embed\">\n\t\t\t<iframe loading=\"lazy\"\n\t\t\t\t\tsrc=\"https:\/\/maps.google.com\/maps?q=%C8%98oseaua%20Bucure%C8%99ti%20Nord%207%2C%20Voluntari%20077190&#038;t=m&#038;z=14&#038;output=embed&#038;iwloc=near\"\n\t\t\t\t\ttitle=\"Bucharest North 7, Voluntari 077190\"\n\t\t\t\t\taria-label=\"Bucharest North 7, Voluntari 077190\"\n\t\t\t><\/iframe>\n\t\t<\/div>\n\t\t\t\t\t\t<\/div>\n\t\t\t\t<\/div>\n\t\t\t\t<\/div>\n\t\t\t\t<\/div>","protected":false},"excerpt":{"rendered":"<p>Contact contact@uniteddrive.ro +40 731 322 881 +40 727 040 525 Bucure\u0219ti - Nord 7, Voluntari, Ilfov Monday-Friday: 10-19, Saturday: 10-14 See on Google Maps<\/p>","protected":false},"author":2,"featured_media":0,"parent":0,"menu_order":11,"comment_status":"closed","ping_status":"closed","template":"","meta":{"_acf_changed":false,"footnotes":""},"class_list":["post-893","page","type-page","status-publish","hentry"],"acf":[],"yoast_head":"<!-- This site is optimized with the Yoast SEO plugin v27.4 - https:\/\/yoast.com\/product\/yoast-seo-wordpress\/ -->\n<title>Contact - United Drive<\/title>\n<meta name=\"description\" content=\"Ia leg\u0103tura cu echipa United Drive. Suntem aici pentru orice \u00eentrebare legat\u0103 de ma\u0219inile noastre, servicii sau colabor\u0103ri. R\u0103spundem rapid \u0219i profesionist.\" \/>\n<meta name=\"robots\" content=\"index, follow, max-snippet:-1, max-image-preview:large, max-video-preview:-1\" \/>\n<link rel=\"canonical\" href=\"https:\/\/uniteddrive.ro\/en\/contact\/\" \/>\n<meta property=\"og:locale\" content=\"en_US\" \/>\n<meta property=\"og:type\" content=\"article\" \/>\n<meta property=\"og:title\" content=\"Contact - United Drive\" \/>\n<meta property=\"og:description\" content=\"Ia leg\u0103tura cu echipa United Drive. Suntem aici pentru orice \u00eentrebare legat\u0103 de ma\u0219inile noastre, servicii sau colabor\u0103ri. R\u0103spundem rapid \u0219i profesionist.\" \/>\n<meta property=\"og:url\" content=\"https:\/\/uniteddrive.ro\/en\/contact\/\" \/>\n<meta property=\"og:site_name\" content=\"United Drive\" \/>\n<meta property=\"article:modified_time\" content=\"2026-03-02T10:53:14+00:00\" \/>\n<meta property=\"og:image\" content=\"https:\/\/uniteddrive.ro\/wp-content\/uploads\/2025\/09\/Logo-Badge.png\" \/>\n\t<meta property=\"og:image:width\" content=\"256\" \/>\n\t<meta property=\"og:image:height\" content=\"254\" \/>\n\t<meta property=\"og:image:type\" content=\"image\/png\" \/>\n<meta name=\"twitter:card\" content=\"summary_large_image\" \/>\n<meta name=\"twitter:label1\" content=\"Est. reading time\" \/>\n\t<meta name=\"twitter:data1\" content=\"1 minute\" \/>\n<!-- \/ Yoast SEO plugin. -->","yoast_head_json":{"title":"Contact - United Drive","description":"Get in touch with the United Drive team. We are here for any questions about our cars, services or collaborations. We respond quickly and professionally.","robots":{"index":"index","follow":"follow","max-snippet":"max-snippet:-1","max-image-preview":"max-image-preview:large","max-video-preview":"max-video-preview:-1"},"canonical":"https:\/\/uniteddrive.ro\/en\/contact\/","og_locale":"en_US","og_type":"article","og_title":"Contact - United Drive","og_description":"Ia leg\u0103tura cu echipa United Drive. Suntem aici pentru orice \u00eentrebare legat\u0103 de ma\u0219inile noastre, servicii sau colabor\u0103ri. R\u0103spundem rapid \u0219i profesionist.","og_url":"https:\/\/uniteddrive.ro\/en\/contact\/","og_site_name":"United Drive","article_modified_time":"2026-03-02T10:53:14+00:00","og_image":[{"width":256,"height":254,"url":"https:\/\/uniteddrive.ro\/wp-content\/uploads\/2025\/09\/Logo-Badge.png","type":"image\/png"}],"twitter_card":"summary_large_image","twitter_misc":{"Est. reading time":"1 minute"},"schema":{"@context":"https:\/\/schema.org","@graph":[{"@type":"WebPage","@id":"https:\/\/uniteddrive.ro\/contact\/","url":"https:\/\/uniteddrive.ro\/contact\/","name":"Contact - United Drive","isPartOf":{"@id":"https:\/\/www.uniteddrive.ro\/#website"},"primaryImageOfPage":{"@id":"https:\/\/uniteddrive.ro\/contact\/#primaryimage"},"image":{"@id":"https:\/\/uniteddrive.ro\/contact\/#primaryimage"},"thumbnailUrl":"https:\/\/uniteddrive.ro\/wp-content\/uploads\/2025\/03\/United-Drive-Porsche-576x1024.png","datePublished":"2025-03-26T14:15:44+00:00","dateModified":"2026-03-02T10:53:14+00:00","description":"Get in touch with the United Drive team. We are here for any questions about our cars, services or collaborations. We respond quickly and professionally.","breadcrumb":{"@id":"https:\/\/uniteddrive.ro\/contact\/#breadcrumb"},"inLanguage":"en-US","potentialAction":[{"@type":"ReadAction","target":["https:\/\/uniteddrive.ro\/contact\/"]}]},{"@type":"ImageObject","inLanguage":"en-US","@id":"https:\/\/uniteddrive.ro\/contact\/#primaryimage","url":"https:\/\/uniteddrive.ro\/wp-content\/uploads\/2025\/03\/United-Drive-Porsche-576x1024.png","contentUrl":"https:\/\/uniteddrive.ro\/wp-content\/uploads\/2025\/03\/United-Drive-Porsche-576x1024.png"},{"@type":"BreadcrumbList","@id":"https:\/\/uniteddrive.ro\/contact\/#breadcrumb","itemListElement":[{"@type":"ListItem","position":1,"name":"Home","item":"https:\/\/uniteddrive.ro\/"},{"@type":"ListItem","position":2,"name":"Contact"}]},{"@type":"WebSite","@id":"https:\/\/www.uniteddrive.ro\/#website","url":"https:\/\/www.uniteddrive.ro\/","name":"United Drive","description":"Passion for cars. Customer confidence.","publisher":{"@id":"https:\/\/www.uniteddrive.ro\/#organization"},"potentialAction":[{"@type":"SearchAction","target":{"@type":"EntryPoint","urlTemplate":"https:\/\/www.uniteddrive.ro\/?s={search_term_string}"},"query-input":{"@type":"PropertyValueSpecification","valueRequired":true,"valueName":"search_term_string"}}],"inLanguage":"en-US"},{"@type":"Organization","@id":"https:\/\/www.uniteddrive.ro\/#organization","name":"United Drive","url":"https:\/\/www.uniteddrive.ro\/","logo":{"@type":"ImageObject","inLanguage":"en-US","@id":"https:\/\/www.uniteddrive.ro\/#\/schema\/logo\/image\/","url":"https:\/\/uniteddrive.ro\/wp-content\/uploads\/2025\/03\/Logo-Badge.svg","contentUrl":"https:\/\/uniteddrive.ro\/wp-content\/uploads\/2025\/03\/Logo-Badge.svg","width":125,"height":124,"caption":"United Drive"},"image":{"@id":"https:\/\/www.uniteddrive.ro\/#\/schema\/logo\/image\/"}}]}},"_links":{"self":[{"href":"https:\/\/uniteddrive.ro\/en\/wp-json\/wp\/v2\/pages\/893","targetHints":{"allow":["GET"]}}],"collection":[{"href":"https:\/\/uniteddrive.ro\/en\/wp-json\/wp\/v2\/pages"}],"about":[{"href":"https:\/\/uniteddrive.ro\/en\/wp-json\/wp\/v2\/types\/page"}],"author":[{"embeddable":true,"href":"https:\/\/uniteddrive.ro\/en\/wp-json\/wp\/v2\/users\/2"}],"replies":[{"embeddable":true,"href":"https:\/\/uniteddrive.ro\/en\/wp-json\/wp\/v2\/comments?post=893"}],"version-history":[{"count":88,"href":"https:\/\/uniteddrive.ro\/en\/wp-json\/wp\/v2\/pages\/893\/revisions"}],"predecessor-version":[{"id":15808,"href":"https:\/\/uniteddrive.ro\/en\/wp-json\/wp\/v2\/pages\/893\/revisions\/15808"}],"wp:attachment":[{"href":"https:\/\/uniteddrive.ro\/en\/wp-json\/wp\/v2\/media?parent=893"}],"curies":[{"name":"wp","href":"https:\/\/api.w.org\/{rel}","templated":true}]}}